{"id":19788,"date":"2023-08-22T09:47:34","date_gmt":"2023-08-22T13:47:34","guid":{"rendered":"https:\/\/equiprent.cl\/?page_id=19788"},"modified":"2023-08-22T09:47:34","modified_gmt":"2023-08-22T13:47:34","slug":"servicio-de-demolicion-de-rocas-de-superficie","status":"publish","type":"page","link":"https:\/\/equiprent.cl\/index.php\/servicio-de-demolicion-de-rocas-de-superficie\/","title":{"rendered":"Servicio de demolici\u00f3n de rocas de superficie"},"content":{"rendered":"<section class=\"l-section wpb_row height_custom\"><div class=\"l-section-h i-cf\"><div class=\"g-cols vc_row type_default valign_top\"><div class=\"vc_col-sm-3 wpb_column vc_column_container\"><div class=\"vc_column-inner\"><div class=\"wpb_wrapper\"><div class=\"w-slider style_none fit_scaledown\"><div class=\"w-slider-h\"><div class=\"royalSlider\"><div class=\"rsContent\"><a class=\"rsImg\" data-rsw=\"258\" data-rsh=\"300\" data-rsBigImg=\"https:\/\/equiprent.cl\/wp-content\/uploads\/2023\/06\/fa9b92_41692f27d8d14c61aa8da980082f24a2mv2.webp\" href=\"https:\/\/equiprent.cl\/wp-content\/uploads\/2023\/06\/fa9b92_41692f27d8d14c61aa8da980082f24a2mv2.webp\"><span data-alt=\"\"><\/span><\/a><img loading=\"lazy\" decoding=\"async\" width=\"129\" height=\"150\" src=\"https:\/\/equiprent.cl\/wp-content\/uploads\/2023\/06\/fa9b92_41692f27d8d14c61aa8da980082f24a2mv2.webp\" class=\"rsTmb\" alt=\"\" \/><\/div><div class=\"rsContent\"><a class=\"rsImg\" data-rsw=\"738\" data-rsh=\"1600\" data-rsBigImg=\"https:\/\/equiprent.cl\/wp-content\/uploads\/2023\/07\/demolicion-3.jpg\" href=\"https:\/\/equiprent.cl\/wp-content\/uploads\/2023\/07\/demolicion-3.jpg\"><span data-alt=\"\"><\/span><\/a><img loading=\"lazy\" decoding=\"async\" width=\"150\" height=\"150\" src=\"https:\/\/equiprent.cl\/wp-content\/uploads\/2023\/07\/demolicion-3-150x150.jpg\" class=\"rsTmb\" alt=\"\" srcset=\"https:\/\/equiprent.cl\/wp-content\/uploads\/2023\/07\/demolicion-3-150x150.jpg 150w, https:\/\/equiprent.cl\/wp-content\/uploads\/2023\/07\/demolicion-3-300x300.jpg 300w\" sizes=\"auto, (max-width: 150px) 100vw, 150px\" \/><\/div><div class=\"rsContent\"><a class=\"rsImg\" data-rsw=\"738\" data-rsh=\"1600\" data-rsBigImg=\"https:\/\/equiprent.cl\/wp-content\/uploads\/2023\/07\/demolicion-2.jpg\" href=\"https:\/\/equiprent.cl\/wp-content\/uploads\/2023\/07\/demolicion-2.jpg\"><span data-alt=\"\"><\/span><\/a><img loading=\"lazy\" decoding=\"async\" width=\"150\" height=\"150\" src=\"https:\/\/equiprent.cl\/wp-content\/uploads\/2023\/07\/demolicion-2-150x150.jpg\" class=\"rsTmb\" alt=\"\" srcset=\"https:\/\/equiprent.cl\/wp-content\/uploads\/2023\/07\/demolicion-2-150x150.jpg 150w, https:\/\/equiprent.cl\/wp-content\/uploads\/2023\/07\/demolicion-2-300x300.jpg 300w\" sizes=\"auto, (max-width: 150px) 100vw, 150px\" \/><\/div><div class=\"rsContent\"><a class=\"rsImg\" data-rsw=\"738\" data-rsh=\"1600\" data-rsBigImg=\"https:\/\/equiprent.cl\/wp-content\/uploads\/2023\/07\/demolicion-.jpg\" href=\"https:\/\/equiprent.cl\/wp-content\/uploads\/2023\/07\/demolicion-.jpg\"><span data-alt=\"\"><\/span><\/a><img loading=\"lazy\" decoding=\"async\" width=\"150\" height=\"150\" src=\"https:\/\/equiprent.cl\/wp-content\/uploads\/2023\/07\/demolicion--150x150.jpg\" class=\"rsTmb\" alt=\"\" srcset=\"https:\/\/equiprent.cl\/wp-content\/uploads\/2023\/07\/demolicion--150x150.jpg 150w, https:\/\/equiprent.cl\/wp-content\/uploads\/2023\/07\/demolicion--300x300.jpg 300w\" sizes=\"auto, (max-width: 150px) 100vw, 150px\" \/><\/div><div class=\"rsContent\"><a class=\"rsImg\" data-rsw=\"738\" data-rsh=\"1600\" data-rsBigImg=\"https:\/\/equiprent.cl\/wp-content\/uploads\/2023\/07\/demolicion-4.jpg\" href=\"https:\/\/equiprent.cl\/wp-content\/uploads\/2023\/07\/demolicion-4.jpg\"><span data-alt=\"\"><\/span><\/a><img loading=\"lazy\" decoding=\"async\" width=\"150\" height=\"150\" src=\"https:\/\/equiprent.cl\/wp-content\/uploads\/2023\/07\/demolicion-4-150x150.jpg\" class=\"rsTmb\" alt=\"\" srcset=\"https:\/\/equiprent.cl\/wp-content\/uploads\/2023\/07\/demolicion-4-150x150.jpg 150w, https:\/\/equiprent.cl\/wp-content\/uploads\/2023\/07\/demolicion-4-300x300.jpg 300w\" sizes=\"auto, (max-width: 150px) 100vw, 150px\" \/><\/div><div class=\"rsContent\"><a class=\"rsImg\" data-rsw=\"480\" data-rsh=\"1040\" data-rsBigImg=\"https:\/\/equiprent.cl\/wp-content\/uploads\/2023\/07\/demolicion-5.jpg\" href=\"https:\/\/equiprent.cl\/wp-content\/uploads\/2023\/07\/demolicion-5.jpg\"><span data-alt=\"\"><\/span><\/a><img loading=\"lazy\" decoding=\"async\" width=\"150\" height=\"150\" src=\"https:\/\/equiprent.cl\/wp-content\/uploads\/2023\/07\/demolicion-5-150x150.jpg\" class=\"rsTmb\" alt=\"\" srcset=\"https:\/\/equiprent.cl\/wp-content\/uploads\/2023\/07\/demolicion-5-150x150.jpg 150w, https:\/\/equiprent.cl\/wp-content\/uploads\/2023\/07\/demolicion-5-300x300.jpg 300w\" sizes=\"auto, (max-width: 150px) 100vw, 150px\" \/><\/div><\/div><img decoding=\"async\" src=\"https:\/\/equiprent.cl\/wp-content\/uploads\/2023\/06\/fa9b92_41692f27d8d14c61aa8da980082f24a2mv2.webp\" width=\"258\" height=\"300\" alt loading=\"lazy\"><\/div><div class=\"w-slider-json\" onclick='return {&quot;loop&quot;:true,&quot;fadeInLoadedSlide&quot;:false,&quot;slidesSpacing&quot;:0,&quot;imageScalePadding&quot;:0,&quot;numImagesToPreload&quot;:2,&quot;arrowsNav&quot;:true,&quot;arrowsNavAutoHide&quot;:false,&quot;transitionType&quot;:&quot;move&quot;,&quot;transitionSpeed&quot;:300,&quot;block&quot;:{&quot;moveEffect&quot;:&quot;none&quot;,&quot;speed&quot;:300},&quot;controlNavigation&quot;:&quot;thumbnails&quot;,&quot;autoplay&quot;:{&quot;enabled&quot;:true,&quot;pauseOnHover&quot;:true,&quot;delay&quot;:3000},&quot;fullscreen&quot;:{&quot;enabled&quot;:true},&quot;imageScaleMode&quot;:&quot;fit-if-smaller&quot;,&quot;autoScaleSlider&quot;:true,&quot;autoScaleSliderWidth&quot;:258,&quot;autoScaleSliderHeight&quot;:300,&quot;fitInViewport&quot;:false}'><\/div><\/div><\/div><\/div><\/div><div class=\"vc_col-sm-7 wpb_column vc_column_container\"><div class=\"vc_column-inner\"><div class=\"wpb_wrapper\"><div class=\"wpb_text_column us_custom_46d442bf\" ><div class=\"wpb_wrapper\"><p>&#8211; Servicio de demolici\u00f3n de rocas de superficie.<\/p>\n<p>&#8211; Arriendo de equipos con asesor\u00eda\u00a0en terreno para la demolici\u00f3n y\/o fragmentaci\u00f3n de rocas de<\/p>\n<p>superficie de peque\u00f1as, medianas y grandes dimensiones sin la necesidad de explosivos donde se utiliza cemento expansivo de demolici\u00f3n de alta calidad y fuerza de expansi\u00f3n en combinaci\u00f3n con cu\u00f1as met\u00e1licas de expansi\u00f3n para romper cualquier tipo de roca sin producir proyecci\u00f3n de material ni ruidos ni vibraciones. No se requiere de permisos previos.<\/p>\n<p>Es un producto ecol\u00f3gico y amigable con el medio ambiente sin producir ning\u00fan tipo de contaminaci\u00f3n.<\/p>\n<\/div><\/div><div class=\"w-btn-wrapper width_auto align_center\"><a class=\"w-btn us-btn-style_1\" href=\"http:\/\/equiprent.cl\/index.php\/contacto\/\"><span class=\"w-btn-label\">CONT\u00c1CTANOS<\/span><\/a><\/div><\/div><\/div><\/div><div class=\"vc_col-sm-2 wpb_column vc_column_container\"><div class=\"vc_column-inner\"><div class=\"wpb_wrapper\"><\/div><\/div><\/div><\/div><\/div><\/section>\n","protected":false},"excerpt":{"rendered":"&#8211; Servicio de demolici\u00f3n de rocas de superficie. &#8211; Arriendo de equipos con asesor\u00eda\u00a0en terreno para la demolici\u00f3n y\/o fragmentaci\u00f3n de rocas de superficie de peque\u00f1as, medianas y grandes dimensiones sin la necesidad de explosivos donde se utiliza cemento expansivo de demolici\u00f3n de alta calidad y fuerza de expansi\u00f3n en combinaci\u00f3n con cu\u00f1as met\u00e1licas de...","protected":false},"author":7,"featured_media":0,"parent":0,"menu_order":0,"comment_status":"closed","ping_status":"closed","template":"","meta":{"_acf_changed":false,"footnotes":""},"class_list":["post-19788","page","type-page","status-publish","hentry"],"acf":[],"_links":{"self":[{"href":"https:\/\/equiprent.cl\/index.php\/wp-json\/wp\/v2\/pages\/19788","targetHints":{"allow":["GET"]}}],"collection":[{"href":"https:\/\/equiprent.cl\/index.php\/wp-json\/wp\/v2\/pages"}],"about":[{"href":"https:\/\/equiprent.cl\/index.php\/wp-json\/wp\/v2\/types\/page"}],"author":[{"embeddable":true,"href":"https:\/\/equiprent.cl\/index.php\/wp-json\/wp\/v2\/users\/7"}],"replies":[{"embeddable":true,"href":"https:\/\/equiprent.cl\/index.php\/wp-json\/wp\/v2\/comments?post=19788"}],"version-history":[{"count":1,"href":"https:\/\/equiprent.cl\/index.php\/wp-json\/wp\/v2\/pages\/19788\/revisions"}],"predecessor-version":[{"id":19792,"href":"https:\/\/equiprent.cl\/index.php\/wp-json\/wp\/v2\/pages\/19788\/revisions\/19792"}],"wp:attachment":[{"href":"https:\/\/equiprent.cl\/index.php\/wp-json\/wp\/v2\/media?parent=19788"}],"curies":[{"name":"wp","href":"https:\/\/api.w.org\/{rel}","templated":true}]}}